{"id":594,"date":"2018-12-06T09:14:45","date_gmt":"2018-12-06T09:14:45","guid":{"rendered":"https:\/\/www.hirehamva.hu\/wpblog\/?page_id=594"},"modified":"2020-08-07T15:51:50","modified_gmt":"2020-08-07T13:51:50","slug":"uni-timer","status":"publish","type":"page","link":"https:\/\/www.hirehamva.hu\/wpblog\/uni-timer","title":{"rendered":"Uni-timer users guide\/Uni-timer haszn\u00e1lati utas\u00edt\u00e1s"},"content":{"rendered":"<p><a href=\"https:\/\/www.hirehamva.hu\/wpblog\/uni-timer\/#eng\"><img loading=\"lazy\" decoding=\"async\" class=\"alignleft size-full wp-image-637\" src=\"https:\/\/www.hirehamva.hu\/wpblog\/wp-content\/uploads\/2018\/12\/amiz-e1544085888585.jpg\" alt=\"\" width=\"111\" height=\"67\" \/><\/a><a href=\"https:\/\/www.hirehamva.hu\/wpblog\/uni-timer\/#hun\"><img loading=\"lazy\" decoding=\"async\" class=\"size-full wp-image-636 alignleft\" src=\"https:\/\/www.hirehamva.hu\/wpblog\/wp-content\/uploads\/2018\/12\/hun-e1544086020122.jpg\" alt=\"\" width=\"111\" height=\"68\" \/><\/a><\/p>\n<h2><a href=\"https:\/\/www.hirehamva.hu\/wpblog\/wp-content\/uploads\/2020\/06\/android-release-ahdroid9.zip\">Android 9 compatible app download here.<\/a><\/h2>\n<h2 id=\"eng\">Uni-timer users guide<\/h2>\n<p>Uni-timer is an Arduino hardware based universal timer-unit with 4 relays, which can be programmed to switch on and off individually or in group.<\/p>\n<p>The purpose of the project was to build an ultra cheep programmable timer, which will guide a sprinkler system, but happened to be useful for other applications what include timing. The smallest timing scale is 1 minute.<\/p>\n<p>The circuit made from few cheep modules can be programmed via Bluetooth with an Android application also written by yours truly.<\/p>\n<p>And now to the point, this is the users guide how to set up the so called program:<\/p>\n<ol>\n<li>First of all you have to download the app and install it on your android device.<\/li>\n<li>Plug in the Uni-timer circuit adapter to the mains.<\/li>\n<li>Start Bluetooth on the android device and search for new devices.<\/li>\n<li>Pair the UNITIMER device, which will ask for a 4 digit pin code. (If you build it, thats the code you entered for\u00a0 Bluetooth pin.)<\/li>\n<li>Start the app.<\/li>\n<li>Tap Download setup button. The app in a short while will make a connection to the Uni-timer and present you an alert window with &#8222;Download was successful&#8221;. If this did not worked will give a connection error, or ask permission to Bluetooth.<\/li>\n<li>If everything went fine tap the OK on the alert window, in a few moments the app will populate the setup form with the downloaded data.<\/li>\n<li>Set up the programs\u00a0 which you want to use, in the rest remove the check-marks from the days.(do not overlap the programs on the same day. That is an &#8222;Overlap program&#8221; witch we will discuss lower.)<\/li>\n<li>Tap Upload setup, you get an alert window, if everything went OK then you get an alert window with &#8222;Setup uploaded successfully&#8221;, if not you get an alert with the number of the faulty program. (correct the program and repeat the process)<\/li>\n<li>If program was uploaded tap the Quit button to close the app. You are done.<\/li>\n<\/ol>\n<p><strong>The &#8222;Overlap program&#8221;:<\/strong><\/p>\n<p>This function is included to save program spaces.<\/p>\n<p>If you include a starting and stopping time that falls between the starting and stopping time of a another program, that program will stop at the stopping time of the between falling program. \ud83d\ude00 You have to think a little programmatically if you do time overlap. The main rule is that after every start the circuit will execute the next stop set at the following time. That is true for the starting times too but with stop times. The program number is not taken in consideration.<\/p>\n<p><strong>Now to demonstrate<\/strong><\/p>\n<p>You have\u00a0 this simple setup on program 1:<\/p>\n<p><a href=\"https:\/\/www.hirehamva.hu\/wpblog\/wp-content\/uploads\/2018\/12\/Screenshot_20181203-221322-1.png\"><img loading=\"lazy\" decoding=\"async\" class=\"aligncenter wp-image-623 size-medium\" src=\"https:\/\/www.hirehamva.hu\/wpblog\/wp-content\/uploads\/2018\/12\/Screenshot_20181203-221322-1-169x300.png\" alt=\"\" width=\"169\" height=\"300\" srcset=\"https:\/\/www.hirehamva.hu\/wpblog\/wp-content\/uploads\/2018\/12\/Screenshot_20181203-221322-1-169x300.png 169w, https:\/\/www.hirehamva.hu\/wpblog\/wp-content\/uploads\/2018\/12\/Screenshot_20181203-221322-1-576x1024.png 576w, https:\/\/www.hirehamva.hu\/wpblog\/wp-content\/uploads\/2018\/12\/Screenshot_20181203-221322-1.png 720w\" sizes=\"auto, (max-width: 169px) 100vw, 169px\" \/><\/a><\/p>\n<p>You add this on program 2 to stop earlier but only on\u00a0 the following days Su, Tu, Th, Sa and you saved a few program spaces.<\/p>\n<p><a href=\"https:\/\/www.hirehamva.hu\/wpblog\/wp-content\/uploads\/2018\/12\/Screenshot_20181203-221720-1.png\"><img loading=\"lazy\" decoding=\"async\" class=\"aligncenter wp-image-624 size-medium\" src=\"https:\/\/www.hirehamva.hu\/wpblog\/wp-content\/uploads\/2018\/12\/Screenshot_20181203-221720-1-169x300.png\" alt=\"\" width=\"169\" height=\"300\" srcset=\"https:\/\/www.hirehamva.hu\/wpblog\/wp-content\/uploads\/2018\/12\/Screenshot_20181203-221720-1-169x300.png 169w, https:\/\/www.hirehamva.hu\/wpblog\/wp-content\/uploads\/2018\/12\/Screenshot_20181203-221720-1-576x1024.png 576w, https:\/\/www.hirehamva.hu\/wpblog\/wp-content\/uploads\/2018\/12\/Screenshot_20181203-221720-1.png 720w\" sizes=\"auto, (max-width: 169px) 100vw, 169px\" \/><\/a><\/p>\n<p>This way you can do multiple time overlaps, and achieve more complex setup if needed. But be careful, if the logic is wrong your program will work faulty.<\/p>\n<h2 id=\"hun\">Uni-timer haszn\u00e1lati utas\u00edt\u00e1s<\/h2>\n<p><a href=\"https:\/\/www.hirehamva.hu\/wpblog\/wp-content\/uploads\/2020\/06\/android-release-ahdroid9.zip\">Android 9-el kompatibilis applik\u00e1ci\u00f3 let\u00f6lt\u00e9se<\/a><\/p>\n<p>Az Uni-timer egy Arduino hardver alapokon k\u00e9sz\u00fclt univerz\u00e1lis id\u0151z\u00edt\u0151 egys\u00e9g, amely 4 rel\u00e9t tud vez\u00e9relni b\u00e1r milyen kombin\u00e1ci\u00f3ban.<\/p>\n<p>A projekt c\u00e9lja egy olyan olcs\u00f3 programozhat\u00f3 eszk\u00f6z l\u00e9trehoz\u00e1sa volt amely vez\u00e9relni tud egy locsol\u00f3 rendszert, de b\u00e1rmilyen id\u0151z\u00edt\u00e9st sz\u00fcks\u00e9gess\u00e9 tev\u0151 alkalmaz\u00e1sra haszn\u00e1lhat\u00f3.<\/p>\n<p>Az \u00e1ramk\u00f6r olcs\u00f3 modulokb\u00f3l van \u00f6sszerakva \u00e9s Bluetooth-on kereszt\u00fcl programozhat\u00f3 egy Androidos applik\u00e1ci\u00f3val. (K\u00e9s\u0151bb Iphone alap\u00fa eszk\u00f6z\u00f6kre is meg\u00edrom csak ehhez sz\u00fcks\u00e9gem lesz egy ilyen eszk\u00f6zre.)<\/p>\n<p>\u00c9s most t\u00e9rj\u00fcnk a l\u00e9nyegre, k\u00f6vetkezzen a k\u00e9sz\u00fcl\u00e9k haszn\u00e1lati utas\u00edt\u00e1sa:<\/p>\n<ol>\n<li>El\u0151sz\u00f6r is le kell t\u00f6ltened \u00e9s telep\u00edtened kell az applik\u00e1ci\u00f3t az androidos eszk\u00f6z\u00f6dre.<\/li>\n<li>Csatlakoztasd az Uni-timer adapter\u00e9t a h\u00e1l\u00f3zatba.<\/li>\n<li>Kapcsold be a Bluetooth-ot a telefonodon \u00e9s keress \u00faj eszk\u00f6z\u00f6ket.<\/li>\n<li>P\u00e1ros\u00edtd az UNITIMER eszk\u00f6zzel a telefont, k\u00e9rni fog egy 4 sz\u00e1mb\u00f3l \u00e1ll\u00f3 PIN-k\u00f3dot. (Ha te \u00e9p\u00edtetted az id\u0151z\u00edt\u0151t akkor ez az a k\u00f3d amit a Bluetoot pink\u00f3dj\u00e1n\u00e1l adt\u00e1l meg.)<\/li>\n<li>Ind\u00edtsd el az applik\u00e1ci\u00f3t.<\/li>\n<li>Nyomd meg a Download setup gombot. Kis id\u0151 eltelt\u00e9vel az applik\u00e1ci\u00f3 kapcsol\u00f3dik az id\u0151z\u00edt\u0151h\u00f6z \u00e9s let\u00f6lti a be\u00e1ll\u00edt\u00e1sait a telefonra,majd ki\u00edrja hogy a let\u00f6lt\u00e9s sikeres.(Download was successful!) Ha a kapcsolat nem j\u00f6tt l\u00e9tre hib\u00e1t fog jelezni. (Ism\u00e9telni kell a gomb megnyom\u00e1s\u00e1t)<\/li>\n<li>Ha minden rendben t\u00f6rt\u00e9nt megjelennek a be\u00e1ll\u00edt\u00e1sok amelyeket most m\u00f3dos\u00edthatsz.<\/li>\n<li>M\u00f3dos\u00edtsd neked megfelel\u0151en a be \u00e9s kikapcsol\u00e1si id\u0151pontokat, egyszer\u0171 programoz\u00e1s eset\u00e9n \u00fagy, hogy a be-ki kapcsol\u00e1si programok ne fedj\u00e9k egym\u00e1st id\u0151ben. Bonyolultabb programoz\u00e1st lentebb t\u00e1rgyalom.<\/li>\n<li>Nyomd meg a felt\u00f6lt\u00e9s gombot (Upload setup), ha a be\u00e1ll\u00edt\u00e1s sikeresen megt\u00f6rt\u00e9nt az applik\u00e1ci\u00f3 jelzi egy alart ablakkal.(Setup uploaded successfully!) Ha hiba van a be\u00e1ll\u00edt\u00e1sokban a program jelzi melyik programhelyet kell jav\u00edtanod.<\/li>\n<li>A program felt\u00f6lt\u0151d\u00f6tt, nyomd meg a kil\u00e9p\u00e9s gombot.(Quit)<\/li>\n<\/ol>\n<p><strong>Bonyolultabb programoz\u00e1s&#8221;egym\u00e1st fed\u0151 id\u0151pontokkal&#8221;<\/strong><\/p>\n<p>Ez a funkci\u00f3 programhely sp\u00f3rol\u00e1s c\u00e9lj\u00e1b\u00f3l van.<\/p>\n<p>A funkci\u00f3 l\u00e9nyege, hogy programt\u00e1rhelyt\u0151l f\u00fcggetlen\u00fcl (Program 1-24) a k\u00e9sz\u00fcl\u00e9k be kapcsol\u00e1s ut\u00e1n csak kikapcsol\u00e1si id\u0151pontot hajt v\u00e9gre \u00e9s ford\u00edtva. Ezt a funkci\u00f3t haszn\u00e1lva kicsit programoz\u00f3 aggyal kell gondolkodnod.<\/p>\n<p><strong>P\u00e9ld\u00e1ul:<\/strong><\/p>\n<p>Van ez az egyszer\u0171 be\u00e1ll\u00edt\u00e1s:<\/p>\n<p><a href=\"https:\/\/www.hirehamva.hu\/wpblog\/wp-content\/uploads\/2018\/12\/Screenshot_20181203-221322-1.png\"><img loading=\"lazy\" decoding=\"async\" class=\"aligncenter size-medium wp-image-623\" src=\"https:\/\/www.hirehamva.hu\/wpblog\/wp-content\/uploads\/2018\/12\/Screenshot_20181203-221322-1-169x300.png\" alt=\"\" width=\"169\" height=\"300\" srcset=\"https:\/\/www.hirehamva.hu\/wpblog\/wp-content\/uploads\/2018\/12\/Screenshot_20181203-221322-1-169x300.png 169w, https:\/\/www.hirehamva.hu\/wpblog\/wp-content\/uploads\/2018\/12\/Screenshot_20181203-221322-1-576x1024.png 576w, https:\/\/www.hirehamva.hu\/wpblog\/wp-content\/uploads\/2018\/12\/Screenshot_20181203-221322-1.png 720w\" sizes=\"auto, (max-width: 169px) 100vw, 169px\" \/><\/a><\/p>\n<p>A 2 programt\u00e1rhelybe hozz\u00e1adod ezt a be\u00e1ll\u00edt\u00e1st, hogy a bepip\u00e1lt napokon az itt be\u00e1ll\u00edtott id\u0151pontokban kapcsoljon ki a k\u00e9sz\u00fcl\u00e9k. \u00cdgy sp\u00f3rolsz a programt\u00e1rhelyekkel.<\/p>\n<p><a href=\"https:\/\/www.hirehamva.hu\/wpblog\/wp-content\/uploads\/2018\/12\/Screenshot_20181203-221720-1.png\"><img loading=\"lazy\" decoding=\"async\" class=\"aligncenter size-medium wp-image-624\" src=\"https:\/\/www.hirehamva.hu\/wpblog\/wp-content\/uploads\/2018\/12\/Screenshot_20181203-221720-1-169x300.png\" alt=\"\" width=\"169\" height=\"300\" srcset=\"https:\/\/www.hirehamva.hu\/wpblog\/wp-content\/uploads\/2018\/12\/Screenshot_20181203-221720-1-169x300.png 169w, https:\/\/www.hirehamva.hu\/wpblog\/wp-content\/uploads\/2018\/12\/Screenshot_20181203-221720-1-576x1024.png 576w, https:\/\/www.hirehamva.hu\/wpblog\/wp-content\/uploads\/2018\/12\/Screenshot_20181203-221720-1.png 720w\" sizes=\"auto, (max-width: 169px) 100vw, 169px\" \/><\/a><\/p>\n<p>Ily m\u00f3don sokkal komplexebb programokat\u00a0 tudsz be\u00e1ll\u00edtani, de vigy\u00e1zz mert ha logik\u00e1d hib\u00e1s az eszk\u00f6z sem m\u0171k\u00f6dik megfelel\u0151en.<\/p>\n","protected":false},"excerpt":{"rendered":"<p>Android 9 compatible app download here. Uni-timer users guide Uni-timer is an Arduino hardware based universal timer-unit with 4 relays, which can be programmed to switch on and off individually or in group. The purpose of the project was to build an ultra cheep programmable timer, which will guide a sprinkler system, but happened to &hellip; <\/p>\n<p class=\"link-more\"><a href=\"https:\/\/www.hirehamva.hu\/wpblog\/uni-timer\" class=\"more-link\"><span class=\"screen-reader-text\">&#8222;Uni-timer users guide\/Uni-timer haszn\u00e1lati utas\u00edt\u00e1s&#8221;<\/span> b\u0151vebben<\/a><\/p>\n","protected":false},"author":1,"featured_media":0,"parent":0,"menu_order":0,"comment_status":"closed","ping_status":"closed","template":"","meta":{"footnotes":""},"class_list":["post-594","page","type-page","status-publish","hentry"],"_links":{"self":[{"href":"https:\/\/www.hirehamva.hu\/wpblog\/wp-json\/wp\/v2\/pages\/594","targetHints":{"allow":["GET"]}}],"collection":[{"href":"https:\/\/www.hirehamva.hu\/wpblog\/wp-json\/wp\/v2\/pages"}],"about":[{"href":"https:\/\/www.hirehamva.hu\/wpblog\/wp-json\/wp\/v2\/types\/page"}],"author":[{"embeddable":true,"href":"https:\/\/www.hirehamva.hu\/wpblog\/wp-json\/wp\/v2\/users\/1"}],"replies":[{"embeddable":true,"href":"https:\/\/www.hirehamva.hu\/wpblog\/wp-json\/wp\/v2\/comments?post=594"}],"version-history":[{"count":61,"href":"https:\/\/www.hirehamva.hu\/wpblog\/wp-json\/wp\/v2\/pages\/594\/revisions"}],"predecessor-version":[{"id":1025,"href":"https:\/\/www.hirehamva.hu\/wpblog\/wp-json\/wp\/v2\/pages\/594\/revisions\/1025"}],"wp:attachment":[{"href":"https:\/\/www.hirehamva.hu\/wpblog\/wp-json\/wp\/v2\/media?parent=594"}],"curies":[{"name":"wp","href":"https:\/\/api.w.org\/{rel}","templated":true}]}}