{"id":429,"date":"2018-05-06T07:23:06","date_gmt":"2018-05-06T07:23:06","guid":{"rendered":"http:\/\/www.hirehamva.hu\/wpblog\/?page_id=429"},"modified":"2022-01-25T08:52:33","modified_gmt":"2022-01-25T07:52:33","slug":"adatkezelesi-nyilatkozat","status":"publish","type":"page","link":"https:\/\/www.hirehamva.hu\/wpblog\/adatkezelesi-nyilatkozat","title":{"rendered":"Adatkezel\u00e9si nyilatkozat"},"content":{"rendered":"<p><strong>Adatv\u00e9delem<\/strong><\/p>\n<p>Koszta L\u00e1szl\u00f3\u00a0(a tov\u00e1bbiakban: \u00dczemeltet\u0151) mint adatkezel\u0151 mag\u00e1ra n\u00e9zve k\u00f6telez\u0151nek ismeri el jelen jogi k\u00f6zlem\u00e9ny tartalm\u00e1t. K\u00f6telezetts\u00e9get v\u00e1llal arra, hogy tev\u00e9kenys\u00e9g\u00e9vel kapcsolatos minden adatkezel\u00e9s megfelel a jelen szab\u00e1lyzatban \u00e9s a hat\u00e1lyos jogszab\u00e1lyokban meghat\u00e1rozott elv\u00e1r\u00e1soknak.<\/p>\n<p>A jelen Szab\u00e1lyzat c\u00e9lja, hogy az \u00dczemeltet\u0151 \u00e1ltal ny\u00fajtott szolg\u00e1ltat\u00e1sok minden ter\u00fclet\u00e9n, minden egy\u00e9n (tov\u00e1bbiakban: Felhaszn\u00e1l\u00f3) sz\u00e1m\u00e1ra, tekintet n\u00e9lk\u00fcl nemzetis\u00e9g\u00e9re vagy lak\u00f3hely\u00e9re, biztos\u00edtva legyen, hogy jogait \u00e9s alapvet\u0151 szabads\u00e1gjogait, k\u00fcl\u00f6n\u00f6sen a mag\u00e1n\u00e9lethez val\u00f3 jog\u00e1t tiszteletben tarts\u00e1k a szem\u00e9lyes adatainak g\u00e9pi feldolgoz\u00e1sa sor\u00e1n (adatv\u00e9delem).<br \/>\n\u00dczemeltet\u0151 tiszteletben tartja a Honlap Felhaszn\u00e1l\u00f3inak szem\u00e9lyhez f\u0171z\u0151d\u0151 jogait; a r\u00f6gz\u00edtett szem\u00e9lyes adatokat bizalmasan, az adatv\u00e9delmi jogszab\u00e1lyokkal \u00e9s nemzetk\u00f6zi aj\u00e1nl\u00e1sokkal \u00f6sszhangban, a jelen adatkezel\u00e9si nyilatkozatnak megfelel\u0151en kezeli.<br \/>\nFelhaszn\u00e1l\u00f3 a Honlap haszn\u00e1lat\u00e1val elfogadja az al\u00e1bbiakat, \u00e9s hozz\u00e1j\u00e1rul az al\u00e1bbiakban meghat\u00e1rozott adatkezel\u00e9sekhez.<\/p>\n<p>1. Adatkezel\u00e9s c\u00e9lja:<br \/>\nAz \u00dczemeltet\u0151\u00a0a Felhaszn\u00e1l\u00f3 \u00e1ltal rendelkez\u00e9sre bocs\u00e1tott adatokat c\u00e9lhoz k\u00f6t\u00f6tten, kiz\u00e1r\u00f3lag a hirehamva.hu domain \u00e9s aldomainjei alatt \u00fczemel\u0151 blogok l\u00e1togatotts\u00e1g\u00e1nak monitoroz\u00e1sa \u00e9rdek\u00e9ben t\u00e1rolja.<\/p>\n<p>2. Adatkezel\u00e9s jogalapja:<br \/>\nAz \u00dczemeltet\u0151\u00a0\u00e1ltali adatkezel\u00e9sekre az Eur\u00f3pai Parlament \u00e9s a Tan\u00e1cs 2016\/679 Rendelet\u00e9ben (\u201e\u00c1ltal\u00e1nosAdatv\u00e9delmi Rendelet\u201d vagy \u201eGDPR\u201d),az inform\u00e1ci\u00f3s \u00f6nrendelkez\u00e9si jogr\u00f3l \u00e9s az inform\u00e1ci\u00f3szabads\u00e1gr\u00f3l sz\u00f3l\u00f3 2011. \u00e9vi CXII. t\u00f6rv\u00e9ny (a tov\u00e1bbiakban: Infotv) 5. \u00a7 (1) bekezd\u00e9s a) pontja szerint a Felhaszn\u00e1l\u00f3k \u00f6nk\u00e9ntes hozz\u00e1j\u00e1rul\u00e1sa alapj\u00e1n, valamint az inform\u00e1ci\u00f3s t\u00e1rsadalommal \u00f6sszef\u00fcgg\u0151 szolg\u00e1ltat\u00e1sok egyes k\u00e9rd\u00e9seir\u0151l sz\u00f3l\u00f3 2001. \u00e9vi CVIII. t\u00f6rv\u00e9ny alapj\u00e1n ker\u00fcl sor. A hozz\u00e1j\u00e1rul\u00e1st a Felhaszn\u00e1l\u00f3 az egyes adatkezel\u00e9sek tekintet\u00e9ben a Honlap haszn\u00e1lat\u00e1val,\u00a0 illetve a k\u00e9rd\u00e9ses adatok \u00f6nk\u00e9ntes megad\u00e1s\u00e1val adja meg.<\/p>\n<p>3. Az adatkezel\u0151 megnevez\u00e9se:<\/p>\n<p>N\u00e9v: Koszta L\u00e1szl\u00f3<\/p>\n<p>E-mail: laszlo.koszta@hirehamva.hu<\/p>\n<p>Adatkezel\u00e9s id\u0151tartam:<br \/>\nA honlapon \u00e9s aldom\u00e9neken nem kezel\u00fcnk szem\u00e9lyes adatokat csak technikai adatokat melyek alkalmatlanok a Felhaszn\u00e1l\u00f3 beazonos\u00edt\u00e1s\u00e1ra. Ezek az adatok 30 napt\u00e1ri napig, vagy a felhaszn\u00e1l\u00f3 \u00e1ltal beny\u00fajtott t\u00f6rl\u00e9si k\u00e9relem elfogad\u00e1s\u00e1ig t\u00e1rolva lesznek.<br \/>\n5.1. Technikai adatok: A Honlap b\u00f6ng\u00e9sz\u00e9se sor\u00e1n technikai inform\u00e1ci\u00f3k ker\u00fclnek r\u00f6gz\u00edt\u00e9sre (p\u00e9ld\u00e1ul log f\u00e1jlok form\u00e1j\u00e1ban, melyek tartalmazz\u00e1k a felhaszn\u00e1l\u00f3 IP c\u00edm\u00e9t, az id\u0151pontot, a megl\u00e1togatott oldal URL-j\u00e9t). Ezen adatok napl\u00f3z\u00e1s\u00e1t a rendszer folyamatosan v\u00e9gzi. Az \u00edgy nyert adatokhoz a Felhaszn\u00e1l\u00f3k nem, csak az \u00dczemeltet\u0151\u00a0f\u00e9r hozz\u00e1. A fenti inform\u00e1ci\u00f3kat az \u00dczemeltet\u0151\u00a0kiz\u00e1r\u00f3lag a Honlap technikai \u00fczemeltet\u00e9se \u00e9rdek\u00e9ben, valamint statisztikai c\u00e9lokra haszn\u00e1lja fel.<\/p>\n<p>5.2. Regisztr\u00e1ci\u00f3:<\/p>\n<p>A honlapon \u00e9s aldom\u00e9neken nincs regisztr\u00e1ci\u00f3.<\/p>\n<p>5.3. Cookie<br \/>\nA Honlap l\u00e1togat\u00f3inak sz\u00e1m\u00edt\u00f3g\u00e9p\u00e9t a rendszer egy \u00fan. cookie-val azonos\u00edtja. Ahhoz, hogy az\u00a0\u00dczemeltet\u0151\u00a0Honlapj\u00e1n minden tartalom megtekinthet\u0151 legyen, a Felhaszn\u00e1l\u00f3 r\u00e9sz\u00e9r\u0151l cookie-k enged\u00e9lyez\u00e9s\u00e9re van sz\u00fcks\u00e9g. Ennek megfelel\u0151en a Honlap egyes r\u00e9szeinek let\u00f6lt\u00e9sekor cookie-k ker\u00fclnek elhelyez\u00e9sre a Felhaszn\u00e1l\u00f3 sz\u00e1m\u00edt\u00f3g\u00e9p\u00e9n, melyek a Honlap egyes funkci\u00f3inak m\u0171k\u00f6d\u00e9s\u00e9hez sz\u00fcks\u00e9gesek.<br \/>\nA cookie-k olyan kism\u00e9ret\u0171 sz\u00f6vegf\u00e1jlok, melyeket a sz\u00e1m\u00edt\u00f3g\u00e9p \u00e9s a b\u00f6ng\u00e9sz\u0151 elment. Ennek megt\u00f6rt\u00e9nt\u00e9r\u0151l a Felhaszn\u00e1l\u00f3 az \u00dczemeltet\u0151t\u0151l nem kap tov\u00e1bbi \u00e9rtes\u00edt\u00e9st.<\/p>\n<p>A Szolg\u00e1ltat\u00f3 k\u00e9tf\u00e9le cookie-t haszn\u00e1l:<br \/>\n\u2013 \u00c1tmeneti (session) cookie: a session cookie-k a Felhaszn\u00e1l\u00f3 l\u00e1togat\u00e1sa ut\u00e1n automatikusan t\u00f6rl\u0151dnek. Ezek a cookie-k arra szolg\u00e1lnak, hogy az \u00dczemeltet\u0151\u00a0Honlapja hat\u00e9konyabban \u00e9s biztons\u00e1gosabban tudjon m\u0171k\u00f6dni, teh\u00e1t elengedhetetlenek ahhoz, hogy a Honlap egyes funkci\u00f3i vagy egyes alkalmaz\u00e1sok megfelel\u0151en tudjanak m\u0171k\u00f6dni .<br \/>\n\u2013 \u00c1lland\u00f3 (persistent) cookie: \u00e1lland\u00f3 cookie-t is haszn\u00e1l az \u00dczemeltet\u0151\u00a0a jobb felhaszn\u00e1l\u00f3i \u00e9lm\u00e9ny \u00e9rdek\u00e9ben (pl. optimaliz\u00e1lt navig\u00e1ci\u00f3 ny\u00fajt\u00e1sa). Ezek a cookie-k hosszabb ideig ker\u00fclnek t\u00e1rol\u00e1sra a b\u00f6ng\u00e9sz\u0151 cookie file-j\u00e1ban. Ennek id\u0151tartama att\u00f3l f\u00fcgg, hogy a Felhaszn\u00e1l\u00f3 az internetes b\u00f6ng\u00e9sz\u0151j\u00e9ben milyen be\u00e1ll\u00edt\u00e1st alkalmaz. Az ilyen cookie-k seg\u00edts\u00e9g\u00e9vel az \u00dczemeltet\u0151\u00a0adatokat gy\u0171jt n\u00e9vtelen m\u00f3don\u00a0 optimaliz\u00e1l\u00e1si c\u00e9lokb\u00f3l. Ezek az adatok az \u00dczemeltet\u0151\u00a0r\u00e9sz\u00e9r\u0151l azt a c\u00e9lt szolg\u00e1lj\u00e1k,\u00a0 hogy az \u00dczemeltet\u0151\u00a0a Felhaszn\u00e1l\u00f3k sz\u00e1m\u00e1ra l\u00e9nyeges inform\u00e1ci\u00f3kat c\u00e9lzottabban juttasson el. Az adatokat a Szolg\u00e1ltat\u00f3 nem haszn\u00e1lja arra, hogy a Felhaszn\u00e1l\u00f3t szem\u00e9lyesen azonos\u00edtsa. Term\u00e9szetesen a Felhaszn\u00e1l\u00f3 adatai ily m\u00f3don t\u00f6rt\u00e9n\u0151 felhaszn\u00e1l\u00e1s\u00e1t, b\u00e1rmikor letilthatja.<br \/>\nA cookie-k a Felhaszn\u00e1l\u00f3 szem\u00e9ly\u00e9nek azonos\u00edt\u00e1s\u00e1ra nem alkalmasak, \u00e9s a munkamenet idej\u00e9n \u00e9lnek. A cookie-k elhelyez\u00e9s\u00e9vel \u00dczemeltet\u0151\u00a0c\u00e9lja, hogy a l\u00e1togat\u00f3k sz\u00e1m\u00e1ra l\u00e9nyeges inform\u00e1ci\u00f3kat c\u00e9lzottabban juttasson el.<\/p>\n<p>A fenti inform\u00e1ci\u00f3kat \u00dczemeltet\u0151\u00a0kiz\u00e1r\u00f3lag a Honlap technikai \u00fczemeltet\u00e9se \u00e9rdek\u00e9ben, statisztikai c\u00e9lokra haszn\u00e1lja fel.<br \/>\nA legt\u00f6bb b\u00f6ng\u00e9sz\u0151 men\u00fcsor\u00e1ban tal\u00e1lhat\u00f3 \u201eSeg\u00edts\u00e9g\u201d funkci\u00f3, t\u00e1j\u00e9koztat\u00e1st ny\u00fajt arra vonatkoz\u00f3an, hogy a b\u00f6ng\u00e9sz\u0151ben<br \/>\n\u2013 hogyan lehet letiltani a cookie-kat,<br \/>\n\u2013 hogyan fogadjon el \u00faj cookie-kat, vagy<br \/>\n\u2013 hogyan adjon utas\u00edt\u00e1st b\u00f6ng\u00e9sz\u0151j\u00e9nek arra, hogy \u00faj cookie-t \u00e1ll\u00edtson be, vagy<br \/>\n\u2013 hogyan kapcsoljon ki egy\u00e9b cookie-kat.<br \/>\nA hirehamva.hu oldalakon haszn\u00e1lt cookie-k nem okoznak k\u00e1rt a Felhaszn\u00e1l\u00f3 sz\u00e1m\u00edt\u00f3g\u00e9p\u00e9ben \u00e9s nem tartalmaznak v\u00edrust.<\/p>\n<p>6. Az adatokat megismer\u0151 szem\u00e9lyek k\u00f6re<br \/>\nAz adatokat els\u0151dlegesen az \u00dczemeltet\u0151, illetve az \u00dczemeltet\u0151\u00a0bels\u0151 munkat\u00e1rsai jogosultak megismerni, azokat nem teszik k\u00f6zz\u00e9, harmadik szem\u00e9lyek r\u00e9sz\u00e9re nem adj\u00e1k \u00e1t \u00e9s csak az Adatkezel\u00e9si nyilatkozatban meghat\u00e1rozott c\u00e9lokra haszn\u00e1lj\u00e1k, illetve haszn\u00e1lhatj\u00e1k fel.<br \/>\nAz alapul fekv\u0151 informatikai rendszer \u00fczemeltet\u00e9se,\u00a0 \u00dczemeltet\u0151\u00a0adatfeldolgoz\u00f3t (pl. rendszer\u00fczemeltet\u0151, k\u00f6nyvel\u0151) vehet ig\u00e9nybe. \u00dczemeltet\u0151\u00a0az ilyen k\u00fcls\u0151 szerepl\u0151k adatkezel\u00e9si gyakorlat\u00e1\u00e9rt nem felel\u0151s.<\/p>\n<p>7. Adatfeldolgoz\u00e1s<br \/>\n\u00dczemeltet\u0151\u00a0 a Honlap \u00fczemeltet\u00e9se c\u00e9lj\u00e1b\u00f3l t\u00e1rhely szolg\u00e1ltat\u00f3t, mint adatfeldolgoz\u00f3t vesz ig\u00e9nybe. A t\u00e1rhely szolg\u00e1ltat\u00f3 a k\u00f6zponti szerver \u00fczemeltet\u00e9s\u00e9t, karbantart\u00e1s\u00e1t, fejleszt\u00e9s\u00e9t v\u00e9gzi \u00e9s a kezel\u00e9s\u00e9ben l\u00e9v\u0151 szerveren ker\u00fclnek elhelyez\u00e9sre a Felhaszn\u00e1l\u00f3 \u00e1ltal megadott szem\u00e9lyes adatok.<\/p>\n<p>Forpsi.hu t\u00e1rhely \u00fczemeltet\u00e9s.<\/p>\n<p>8. Adatbiztons\u00e1g:<br \/>\nAz \u00dczemeltet\u0151\u00a0minden sz\u00fcks\u00e9ges l\u00e9p\u00e9st megtesz, hogy biztos\u00edtsa a Felhaszn\u00e1l\u00f3k \u00e1ltal a Honlapon megadott\u00a0 adatok biztons\u00e1g\u00e1t mind a h\u00e1l\u00f3zati kommunik\u00e1ci\u00f3, mind az adatok t\u00e1rol\u00e1sa, \u0151rz\u00e9se sor\u00e1n.<br \/>\nA adatokhoz szigor\u00faan korl\u00e1tozott a hozz\u00e1f\u00e9r\u00e9s, a jogosulatlan megismer\u00e9s, a szem\u00e9lyes adatok jogosulatlan megv\u00e1ltoztat\u00e1sa, illetve jogosulatlan felhaszn\u00e1l\u00e1sa megel\u0151z\u00e9s\u00e9re.<\/p>\n<p>9. Felhaszn\u00e1l\u00f3i jogok \u00e9s jog\u00e9rv\u00e9nyes\u00edt\u00e9si lehet\u0151s\u00e9gek<br \/>\n9.1 T\u00e1j\u00e9koztat\u00e1shoz val\u00f3 jog<br \/>\nFelhaszn\u00e1l\u00f3 b\u00e1rmikor jogosult t\u00e1j\u00e9koztat\u00e1st k\u00e9rni az \u00dczemeltet\u0151\u00a0\u00e1ltal kezelt, r\u00e1 vonatkoz\u00f3 szem\u00e9lyes adatokr\u00f3l, tov\u00e1bb\u00e1\u00a0 \u2013 b\u00e1rmikor m\u00f3dos\u00edthatja azokat az \u00c1SZF-ben meghat\u00e1rozott m\u00f3don.<br \/>\n\u00dczemeltet\u0151\u00a0a Felhaszn\u00e1l\u00f3 k\u00e9r\u00e9s\u00e9re t\u00e1j\u00e9koztat\u00e1st ad a r\u00e1 vonatkoz\u00f3, \u00e1ltala kezelt adatokr\u00f3l, az adatkezel\u00e9s c\u00e9lj\u00e1r\u00f3l, jogalapj\u00e1r\u00f3l, id\u0151tartam\u00e1r\u00f3l, tov\u00e1bb\u00e1 arr\u00f3l, hogy kik \u00e9s milyen c\u00e9lb\u00f3l kapj\u00e1k vagy kapt\u00e1k meg adatait. \u00dczemeltet\u0151\u00a0a k\u00e9relem beny\u00fajt\u00e1s\u00e1t\u00f3l sz\u00e1m\u00edtott 30 napon bel\u00fcl \u00edr\u00e1sban adja meg a k\u00e9rt t\u00e1j\u00e9koztat\u00e1st.<br \/>\nA Felhaszn\u00e1l\u00f3 b\u00e1rmely, az adatkezel\u00e9ssel kapcsolatos k\u00e9rd\u00e9ssel, illetve \u00e9szrev\u00e9tellel az \u00dczemeltet\u0151h\u00f6z fordulhat az al\u00e1bb megjel\u00f6lt el\u00e9rhet\u0151s\u00e9geken kereszt\u00fcl.<\/p>\n<p>9.2 A Felhaszn\u00e1l\u00f3 b\u00e1rmikor jogosult a helytelen\u00fcl r\u00f6gz\u00edtett adatainak helyesb\u00edt\u00e9s\u00e9t vagy azok t\u00f6rl\u00e9s\u00e9t k\u00e9rni az al\u00e1bb megjel\u00f6lt el\u00e9rhet\u0151s\u00e9gek valamelyik\u00e9n. \u00dczemeltet\u0151\u00a0a k\u00e9relem be\u00e9rkez\u00e9s\u00e9t\u0151l sz\u00e1m\u00edtott 3 munkanapon bel\u00fcl t\u00f6rli az adatokat, ez esetben azok nem lesznek \u00fajra helyre\u00e1ll\u00edthat\u00f3k. A t\u00f6rl\u00e9s nem vonatkozik a jogszab\u00e1ly (pl. sz\u00e1mviteli szab\u00e1lyoz\u00e1s) alapj\u00e1n sz\u00fcks\u00e9ges adatkezel\u00e9sekre, azokat \u00dczemeltet\u0151\u00a0a sz\u00fcks\u00e9ges id\u0151tartamig meg\u0151rzi.<br \/>\nFelhaszn\u00e1l\u00f3 k\u00e9rheti tov\u00e1bb\u00e1, adatainak z\u00e1rol\u00e1s\u00e1t. Az \u00dczemeltet\u0151\u00a0z\u00e1rolja a szem\u00e9lyes adatot, ha az \u00e9rintett ezt k\u00e9ri, vagy ha a rendelkez\u00e9s\u00e9re \u00e1ll\u00f3 inform\u00e1ci\u00f3k alapj\u00e1n felt\u00e9telezhet\u0151, hogy a t\u00f6rl\u00e9s s\u00e9rten\u00e9 a Felhaszn\u00e1l\u00f3 jogos \u00e9rdekeit. Az \u00edgy z\u00e1rolt szem\u00e9lyes adat kiz\u00e1r\u00f3lag addig kezelhet\u0151, ameddig fenn\u00e1ll az az adatkezel\u00e9si c\u00e9l, amely a szem\u00e9lyes adat t\u00f6rl\u00e9s\u00e9t kiz\u00e1rta.<br \/>\nA helyesb\u00edt\u00e9sr\u0151l, a z\u00e1rol\u00e1sr\u00f3l \u00e9s a t\u00f6rl\u00e9sr\u0151l a Felhaszn\u00e1l\u00f3t, tov\u00e1bb\u00e1 mindazokat \u00e9rtes\u00edteni kell, akiknek kor\u00e1bban az adatot adatkezel\u00e9s c\u00e9lj\u00e1ra tov\u00e1bb\u00edtott\u00e1k. Az \u00e9rtes\u00edt\u00e9s mell\u0151zhet\u0151, ha ez az adatkezel\u00e9s c\u00e9lj\u00e1ra val\u00f3 tekintettel a Felhaszn\u00e1l\u00f3 jogos \u00e9rdek\u00e9t nem s\u00e9rti.<br \/>\nHa az adatkezel\u0151 az \u00e9rintett helyesb\u00edt\u00e9s, z\u00e1rol\u00e1s vagy t\u00f6rl\u00e9s ir\u00e1nti k\u00e9relm\u00e9t nem teljes\u00edti, a k\u00e9relem k\u00e9zhezv\u00e9tel\u00e9t k\u00f6vet\u0151 30 napon bel\u00fcl \u00edr\u00e1sban k\u00f6zli a helyesb\u00edt\u00e9s, z\u00e1rol\u00e1s vagy t\u00f6rl\u00e9s ir\u00e1nti k\u00e9relem elutas\u00edt\u00e1s\u00e1nak t\u00e9nybeli \u00e9s jogi indokait.<\/p>\n<p>9.3 Felhaszn\u00e1l\u00f3 tiltakozhat szem\u00e9lyes adatainak kezel\u00e9se ellen. \u00dczemeltet\u0151\u00a0a tiltakoz\u00e1st a k\u00e9relem beny\u00fajt\u00e1s\u00e1t\u00f3l sz\u00e1m\u00edtott legr\u00f6videbb id\u0151n bel\u00fcl, de legfeljebb 15 nap alatt megvizsg\u00e1lja, annak megalapozotts\u00e1ga k\u00e9rd\u00e9s\u00e9ben d\u00f6nt\u00e9st hoz, \u00e9s d\u00f6nt\u00e9s\u00e9r\u0151l a k\u00e9relmez\u0151t \u00edr\u00e1sban t\u00e1j\u00e9koztatja.<\/p>\n<p>Az \u00e9rintett a jogait az al\u00e1bbi el\u00e9rhet\u0151s\u00e9geken gyakorolhatja:<\/p>\n<p>E-mail: laszlo.koszta@hirehamva.hu<\/p>\n<p>9.4 A Felhaszn\u00e1l\u00f3 az Info.tv., valamint a Polg\u00e1ri T\u00f6rv\u00e9nyk\u00f6nyv (1959. \u00e9vi IV. t\u00f6rv\u00e9ny) alapj\u00e1n<br \/>\n1. B\u00edr\u00f3s\u00e1g el\u0151tt \u00e9rv\u00e9nyes\u00edtheti jogait, vagy<br \/>\n2. a Nemzeti Adatv\u00e9delmi \u00e9s Inform\u00e1ci\u00f3szabads\u00e1g Hat\u00f3s\u00e1ghoz (1125 Budapest, Szil\u00e1gyi Erzs\u00e9bet fasor 22\/c.; <a href=\"http:\/\/www.naih.hu\">www.naih.hu<\/a> ) fordulhat.<br \/>\nAmennyiben a Felhaszn\u00e1l\u00f3 a szolg\u00e1ltat\u00e1s ig\u00e9nybev\u00e9tel\u00e9hez harmadik f\u00e9l adatait adta meg vagy a Honlap haszn\u00e1lata sor\u00e1n b\u00e1rmilyen m\u00f3don k\u00e1rt okozott, az \u00dczemeltet\u0151\u00a0jogosult a Felhaszn\u00e1l\u00f3val szembeni k\u00e1rt\u00e9r\u00edt\u00e9s \u00e9rv\u00e9nyes\u00edt\u00e9s\u00e9re. Az\u00a0\u00dczemeltet\u0151\u00a0ilyen esetben minden t\u0151le telhet\u0151 seg\u00edts\u00e9get megad az elj\u00e1r\u00f3 hat\u00f3s\u00e1goknak a jogs\u00e9rt\u0151 szem\u00e9ly szem\u00e9lyazonoss\u00e1g\u00e1nak meg\u00e1llap\u00edt\u00e1sa c\u00e9lj\u00e1b\u00f3l.<\/p>\n<p>10. H\u00edrlev\u00e9l<br \/>\nAz \u00fczemeltet\u0151 h\u00edrlevelet nem k\u00fcld a Felhaszn\u00e1l\u00f3nak.<\/p>\n<p>11. M\u00e1s honlapokr\u00f3l sz\u00e1rmaz\u00f3 be\u00e1gyazott tartalmak<\/p>\n<p>A honlapon el\u00e9rhet\u0151 bejegyz\u00e9sek k\u00fcls\u0151 forr\u00e1sb\u00f3l sz\u00e1rmaz\u00f3 be\u00e1gyazott tartalmakat (pl. vide\u00f3k, k\u00e9pek, cikkek stb.) haszn\u00e1lhatnak. A k\u00fcls\u0151 forr\u00e1sb\u00f3l sz\u00e1rmaz\u00f3 be\u00e1gyazott tartalmak pontosan \u00fagy viselkednek, mintha megl\u00e1togattunk volna egy m\u00e1sik honlapot.<\/p>\n<p>Ezek a webhelyek lehets\u00e9ges, hogy adatot gy\u0171jtenek a l\u00e1togat\u00f3kr\u00f3l, s\u00fctiket vagy harmadik f\u00e9lt\u0151l sz\u00e1rmaz\u00f3 k\u00f6vet\u0151k\u00f3dot haszn\u00e1lnak, figyelik a be\u00e1gyazott tartalommal kapcsolatos felhaszn\u00e1l\u00f3i viselked\u00e9st, ha rendelkez\u00fcnk felhaszn\u00e1l\u00f3i fi\u00f3kkal \u00e9s be vagyunk jelentkezve az oldalra.<\/p>\n<p class=\"privacy-policy-tutorial\">\n<ol start=\"4\">\n<li>Egy\u00e9b rendelkez\u00e9sek<br \/>\n\u00dczemeltet\u0151 fenntartja a jogot, hogy jelen Adatkezel\u00e9si Nyilatkozatot a Felhaszn\u00e1l\u00f3k el\u0151zetes \u00e9rtes\u00edt\u00e9se mellett egyoldal\u00faan m\u00f3dos\u00edtsa. A m\u00f3dos\u00edt\u00e1s hat\u00e1lyba l\u00e9p\u00e9s\u00e9t k\u00f6vet\u0151en Felhaszn\u00e1l\u00f3 a szolg\u00e1ltat\u00e1s haszn\u00e1lat\u00e1val r\u00e1utal\u00f3 magatart\u00e1ssal elfogadja a m\u00f3dos\u00edtott Adatkezel\u00e9si nyilatkozatban foglaltakat.Jelen Adatkezel\u00e9si Nyilatkozat hat\u00e1lyba l\u00e9p\u00e9s\u00e9nek ideje: 2019. j\u00falius 17.<\/li>\n<\/ol>\n","protected":false},"excerpt":{"rendered":"<p>Adatv\u00e9delem Koszta L\u00e1szl\u00f3\u00a0(a tov\u00e1bbiakban: \u00dczemeltet\u0151) mint adatkezel\u0151 mag\u00e1ra n\u00e9zve k\u00f6telez\u0151nek ismeri el jelen jogi k\u00f6zlem\u00e9ny tartalm\u00e1t. K\u00f6telezetts\u00e9get v\u00e1llal arra, hogy tev\u00e9kenys\u00e9g\u00e9vel kapcsolatos minden adatkezel\u00e9s megfelel a jelen szab\u00e1lyzatban \u00e9s a hat\u00e1lyos jogszab\u00e1lyokban meghat\u00e1rozott elv\u00e1r\u00e1soknak. A jelen Szab\u00e1lyzat c\u00e9lja, hogy az \u00dczemeltet\u0151 \u00e1ltal ny\u00fajtott szolg\u00e1ltat\u00e1sok minden ter\u00fclet\u00e9n, minden egy\u00e9n (tov\u00e1bbiakban: Felhaszn\u00e1l\u00f3) sz\u00e1m\u00e1ra, tekintet n\u00e9lk\u00fcl nemzetis\u00e9g\u00e9re vagy &hellip; <\/p>\n<p class=\"link-more\"><a href=\"https:\/\/www.hirehamva.hu\/wpblog\/adatkezelesi-nyilatkozat\" class=\"more-link\"><span class=\"screen-reader-text\">&#8222;Adatkezel\u00e9si nyilatkozat&#8221;<\/span> b\u0151vebben<\/a><\/p>\n","protected":false},"author":1,"featured_media":0,"parent":0,"menu_order":0,"comment_status":"closed","ping_status":"closed","template":"","meta":{"footnotes":""},"class_list":["post-429","page","type-page","status-publish","hentry"],"_links":{"self":[{"href":"https:\/\/www.hirehamva.hu\/wpblog\/wp-json\/wp\/v2\/pages\/429","targetHints":{"allow":["GET"]}}],"collection":[{"href":"https:\/\/www.hirehamva.hu\/wpblog\/wp-json\/wp\/v2\/pages"}],"about":[{"href":"https:\/\/www.hirehamva.hu\/wpblog\/wp-json\/wp\/v2\/types\/page"}],"author":[{"embeddable":true,"href":"https:\/\/www.hirehamva.hu\/wpblog\/wp-json\/wp\/v2\/users\/1"}],"replies":[{"embeddable":true,"href":"https:\/\/www.hirehamva.hu\/wpblog\/wp-json\/wp\/v2\/comments?post=429"}],"version-history":[{"count":13,"href":"https:\/\/www.hirehamva.hu\/wpblog\/wp-json\/wp\/v2\/pages\/429\/revisions"}],"predecessor-version":[{"id":1424,"href":"https:\/\/www.hirehamva.hu\/wpblog\/wp-json\/wp\/v2\/pages\/429\/revisions\/1424"}],"wp:attachment":[{"href":"https:\/\/www.hirehamva.hu\/wpblog\/wp-json\/wp\/v2\/media?parent=429"}],"curies":[{"name":"wp","href":"https:\/\/api.w.org\/{rel}","templated":true}]}}