{"id":38,"date":"2017-12-14T13:53:10","date_gmt":"2017-12-14T13:53:10","guid":{"rendered":"http:\/\/www.hirehamva.hu\/wpblog\/?page_id=38"},"modified":"2026-03-07T11:17:21","modified_gmt":"2026-03-07T10:17:21","slug":"alapok","status":"publish","type":"page","link":"https:\/\/www.hirehamva.hu\/wpblog\/alapok","title":{"rendered":"Alapok"},"content":{"rendered":"<p>\u00a0<\/p>\n<p>A honlapon f\u0151leg olyan \u00e1ramk\u00f6r\u00f6k, projektek jelennek meg amelyben sz\u00fcks\u00e9g lesz, egy AVR programoz\u00f3ra. F\u0151leg Arduino modulokat \u00e9s az Uno modulban is tal\u00e1lhat\u00f3 Atmega 328 mikrokontrollert fogjuk haszn\u00e1lni.Teh\u00e1t a legels\u0151 dolog aminek gazd\u00e1j\u00e1v\u00e1 kell hogy v\u00e1lj az egy AVR programoz\u00f3, term\u00e9szetesen tudom hogy az Arduino modulok bootloadert tartalmaznak \u00e9s egy virtu\u00e1lis soros portr\u00f3l programozhat\u00f3ak (csatlakoz\u00e1si fel\u00fclet USB), de lesz olyan alkalom ahol sz\u00fcks\u00e9g van a bootloader \u00e1ltal elfoglalt flash ter\u00fcletre hogy a program elf\u00e9rjen a mem\u00f3ri\u00e1ban.<\/p>\n<p><script async=\"\" src=\"https:\/\/pagead2.googlesyndication.com\/pagead\/js\/adsbygoogle.js\"><\/script><br \/><ins class=\"adsbygoogle\" style=\"display: block; text-align: center;\" data-ad-layout=\"in-article\" data-ad-format=\"fluid\" data-ad-client=\"ca-pub-2147230170676117\" data-ad-slot=\"9273002633\"><\/ins><br \/><script><br \/>\n     (adsbygoogle = window.adsbygoogle || []).push({});<br \/>\n<\/script><\/p>\n<p>Az is el\u0151fordul f\u0151leg kezd\u0151kn\u00e9l, hogy valamilyen \u00faton m\u00f3don t\u00f6nkreteszik, fel\u00fcl\u00edrj\u00e1k a bootloadert, ilyenkor j\u00f3l j\u00f6n egy AVR programoz\u00f3 amivel \u00fajra\u00e9getheted azt.<\/p>\n<p>Azt javaslom, hogy \u00e9p\u00edts\u00e9l meg egy USBasp programoz\u00f3t. Itt tal\u00e1lhat\u00f3 hozz\u00e1 le\u00edr\u00e1s, a be\u00e9getend\u0151 szoftver, driver: <a href=\"http:\/\/www.fischl.de\/usbasp\/\" target=\"_blank\" rel=\"noopener noreferrer\">http:\/\/www.fischl.de\/usbasp\/<\/a><\/p>\n<p><a href=\"http:\/\/www.fischl.de\/usbasp\/bilder\/usbasp_circuit.png\"><img loading=\"lazy\" decoding=\"async\" class=\"aligncenter size-medium\" src=\"http:\/\/www.fischl.de\/usbasp\/bilder\/usbasp_circuit.png\" alt=\"Usbasp programoz\u00f3\" width=\"732\" height=\"566\" \/><\/a><\/p>\n<p>A be\u00e9get\u00e9shez haszn\u00e1lhat\u00f3 szoftver itt: <a href=\"http:\/\/extremeelectronics.co.in\/avr-tutorials\/gui-software-for-usbasp-based-usb-avr-programmers\/\" target=\"_blank\" rel=\"noopener noreferrer\">http:\/\/extremeelectronics.co.in\/avr-tutorials\/gui-software-for-usbasp-based-usb-avr-programmers\/<\/a><\/p>\n<p><a href=\"http:\/\/www.extremeelectronics.co.in\/avrtutorials\/images\/USB_AVR_Programmer1_thumb.jpg\"><img loading=\"lazy\" decoding=\"async\" class=\"aligncenter size-medium\" src=\"http:\/\/www.extremeelectronics.co.in\/avrtutorials\/images\/USB_AVR_Programmer1_thumb.jpg\" alt=\"Szoftver\" width=\"500\" height=\"387\" \/><\/a><\/p>\n<p>Term\u00e9szetesen 22-es csapd\u00e1j\u00e1nak t\u0171nik, hogy AVR programoz\u00f3 kell a szoftver be\u00e9get\u00e9s\u00e9hez, de ilyenkor j\u00f6n j\u00f3l a s\u00f3gor-koma j\u00f3 bar\u00e1t, esetleg egy hasonsz\u0151r\u0171 elektronika fanatikus, vagy <a href=\"http:\/\/vatera.hu\" target=\"_blank\" rel=\"noopener noreferrer\">vatera.hu.<\/a> \ud83d\ude00<\/p>\n<p>Debugol\u00e1shoz m\u00e9g sz\u00fcks\u00e9g lesz egy \u00e1talak\u00edt\u00f3hoz TTL-szint\u0171 soros-r\u00f3l USB-re, sokszor j\u00f3l j\u00f6n ha l\u00e1tni akarod a kommunik\u00e1ci\u00f3t 2 soros interf\u00e9szen kommunik\u00e1l\u00f3 mikrokontroller k\u00f6z\u00f6tt, vagy ha pl. soros \u00e1talak\u00edt\u00f3 n\u00e9lk\u00fcli Arduino pro mini panelokat akarsz programozni. Kis m\u00e9ret\u00fck miatt kedvelem ezt a verzi\u00f3t, na meg olcs\u00f3. K\u00edn\u00e1ban mindent legy\u00e1rtanak lassan m\u00e1r k\u00e1r vesz\u0151dni panelgy\u00e1rt\u00e1ssal h\u00e1zilag.<\/p>\n<p>Javaslom olyat \u00e9p\u00edts vagy vegy\u00e9l ami 3 \u00e9s 5V\u00a0 is m\u0171k\u00f6dik.\u00a0 Egy p\u00e9lda:<\/p>\n<p>Ha nem akarod meg\u00e9p\u00edteni a fent eml\u00edtett apr\u00f3hirdet\u00e9ses oldalon potom \u00e1ron beszerezhet\u0151.<\/p>\n<p><a href=\"https:\/\/www.hirehamva.hu\/wpblog\/wp-content\/uploads\/2020\/10\/FT232.jpg\"><img loading=\"lazy\" decoding=\"async\" class=\"aligncenter size-medium wp-image-1132\" src=\"https:\/\/www.hirehamva.hu\/wpblog\/wp-content\/uploads\/2020\/10\/FT232-300x300.jpg\" alt=\"\" width=\"300\" height=\"300\" srcset=\"https:\/\/www.hirehamva.hu\/wpblog\/wp-content\/uploads\/2020\/10\/FT232-300x300.jpg 300w, https:\/\/www.hirehamva.hu\/wpblog\/wp-content\/uploads\/2020\/10\/FT232-150x150.jpg 150w, https:\/\/www.hirehamva.hu\/wpblog\/wp-content\/uploads\/2020\/10\/FT232-500x500.jpg 500w, https:\/\/www.hirehamva.hu\/wpblog\/wp-content\/uploads\/2020\/10\/FT232-400x400.jpg 400w, https:\/\/www.hirehamva.hu\/wpblog\/wp-content\/uploads\/2020\/10\/FT232-100x100.jpg 100w, https:\/\/www.hirehamva.hu\/wpblog\/wp-content\/uploads\/2020\/10\/FT232.jpg 600w\" sizes=\"auto, (max-width: 300px) 100vw, 300px\" \/><\/a><\/p>\n<p>Egy\u00e9bk\u00e9nt itt egy kapcsol\u00e1si rajz:<\/p>\n<p><a href=\"https:\/\/www.hirehamva.hu\/wpblog\/wp-content\/uploads\/2017\/12\/MFG_FT232RL-REEL-Application-Circuit.jpg\"><img loading=\"lazy\" decoding=\"async\" class=\"aligncenter size-medium wp-image-41\" src=\"https:\/\/www.hirehamva.hu\/wpblog\/wp-content\/uploads\/2017\/12\/MFG_FT232RL-REEL-Application-Circuit-300x300.jpg\" alt=\"\" width=\"300\" height=\"300\" srcset=\"https:\/\/www.hirehamva.hu\/wpblog\/wp-content\/uploads\/2017\/12\/MFG_FT232RL-REEL-Application-Circuit-300x300.jpg 300w, https:\/\/www.hirehamva.hu\/wpblog\/wp-content\/uploads\/2017\/12\/MFG_FT232RL-REEL-Application-Circuit-150x150.jpg 150w, https:\/\/www.hirehamva.hu\/wpblog\/wp-content\/uploads\/2017\/12\/MFG_FT232RL-REEL-Application-Circuit.jpg 640w\" sizes=\"auto, (max-width: 300px) 100vw, 300px\" \/><\/a>&#8222;Hogy mi k\u00e9ne m\u00e9g?&#8221;<\/p>\n<p>T\u00f6ltsd le az Arduino szoftver\u00e9t amely alatt \u00edrhatod programjaidat innen: <a href=\"https:\/\/www.arduino.cc\/en\/Main\/Software\" target=\"_blank\" rel=\"noopener noreferrer\">https:\/\/www.arduino.cc\/<\/a><\/p>\n<p>N\u00e9ha sz\u00fcks\u00e9g lehet egy flash \u00e9get\u0151re, aj\u00e1nlom a k\u00f6vetkez\u0151 cikket:<\/p>\n<p><a href=\"https:\/\/www.hirehamva.hu\/wpblog\/archivum\/315\" target=\"_blank\" rel=\"noopener noreferrer\">Monitor jav\u00edt\u00e1s 2 r\u00e9sz.<\/a><\/p>\n<p>Aj\u00e1nlom figyelmetekbe ezt az oldalt, kimer\u00edt\u0151en \u00edr az alapokr\u00f3l f\u0151leg kezd\u0151knek:<\/p>\n<p><a href=\"https:\/\/starduino.hu\/\" target=\"_blank\" rel=\"noopener\">https:\/\/starduino.hu\/<\/a><\/p>\n<p>(Nem kell spammolni a keres\u0151met sz\u00edvesen t\u00e1mogatom az ifj\u00fas\u00e1g ok\u00edt\u00e1s\u00e1t. :D)<\/p>\n<p>\u00a0<\/p>\n\n<div class=\"sdm_download_item \"><div class=\"sdm_download_item_top\"><div class=\"sdm_download_thumbnail\"><img decoding=\"async\" class=\"sdm_download_thumbnail_image\" src=\"https:\/\/www.hirehamva.hu\/wpblog\/wp-content\/uploads\/2021\/12\/ardualapok.png\" alt = \"Arduino alapok seg\u00e9dlet\" \/><\/div><div class=\"sdm_download_title\">Arduino alapok seg\u00e9dlet<\/div><\/div><div style=\"clear:both;\"><\/div><div class=\"sdm_download_description\"><\/div><div class=\"sdm_download_date\"><span class=\"sdm_download_date_label\">Published: <\/span><span class=\"sdm_download_date_value\">2021-12-24<\/span><\/div><div class=\"sdm_download_link\"><span class=\"sdm_download_button\"><a href=\"https:\/\/www.hirehamva.hu\/wpblog\/?sdm_process_download=1&#038;download_id=1409\" class=\"sdm_download black\" title=\"Arduino alapok seg\u00e9dlet\" target=\"_self\">Let\u00f6lt\u00e9s<\/a><\/span><span class=\"sdm_download_item_count\"><span class=\"sdm_item_count_number\">592<\/span><span class=\"sdm_item_count_string\"> Downloads<\/span><\/span><\/div><\/div><div class=\"sdm_clear_float\"><\/div>\n\n<div class=\"sdm_download_item \"><div class=\"sdm_download_item_top\"><div class=\"sdm_download_thumbnail\"><\/div><div class=\"sdm_download_title\">Arduino alapok mell\u00e9klet<\/div><\/div><div style=\"clear:both;\"><\/div><div class=\"sdm_download_description\"><\/div><div class=\"sdm_download_date\"><span class=\"sdm_download_date_label\">Published: <\/span><span class=\"sdm_download_date_value\">2021-12-24<\/span><\/div><div class=\"sdm_download_link\"><span class=\"sdm_download_button\"><a href=\"https:\/\/www.hirehamva.hu\/wpblog\/?sdm_process_download=1&#038;download_id=1412\" class=\"sdm_download black\" title=\"Arduino alapok mell\u00e9klet\" target=\"_self\">Let\u00f6lt\u00e9s<\/a><\/span><span class=\"sdm_download_item_count\"><span class=\"sdm_item_count_number\">454<\/span><span class=\"sdm_item_count_string\"> Downloads<\/span><\/span><\/div><\/div><div class=\"sdm_clear_float\"><\/div>","protected":false},"excerpt":{"rendered":"<p>\u00a0 A honlapon f\u0151leg olyan \u00e1ramk\u00f6r\u00f6k, projektek jelennek meg amelyben sz\u00fcks\u00e9g lesz, egy AVR programoz\u00f3ra. F\u0151leg Arduino modulokat \u00e9s az Uno modulban is tal\u00e1lhat\u00f3 Atmega 328 mikrokontrollert fogjuk haszn\u00e1lni.Teh\u00e1t a legels\u0151 dolog aminek gazd\u00e1j\u00e1v\u00e1 kell hogy v\u00e1lj az egy AVR programoz\u00f3, term\u00e9szetesen tudom hogy az Arduino modulok bootloadert tartalmaznak \u00e9s egy virtu\u00e1lis soros portr\u00f3l programozhat\u00f3ak &hellip; <\/p>\n<p class=\"link-more\"><a href=\"https:\/\/www.hirehamva.hu\/wpblog\/alapok\" class=\"more-link\"><span class=\"screen-reader-text\">&#8222;Alapok&#8221;<\/span> b\u0151vebben<\/a><\/p>\n","protected":false},"author":1,"featured_media":0,"parent":0,"menu_order":0,"comment_status":"closed","ping_status":"closed","template":"","meta":{"footnotes":""},"class_list":["post-38","page","type-page","status-publish","hentry"],"_links":{"self":[{"href":"https:\/\/www.hirehamva.hu\/wpblog\/wp-json\/wp\/v2\/pages\/38","targetHints":{"allow":["GET"]}}],"collection":[{"href":"https:\/\/www.hirehamva.hu\/wpblog\/wp-json\/wp\/v2\/pages"}],"about":[{"href":"https:\/\/www.hirehamva.hu\/wpblog\/wp-json\/wp\/v2\/types\/page"}],"author":[{"embeddable":true,"href":"https:\/\/www.hirehamva.hu\/wpblog\/wp-json\/wp\/v2\/users\/1"}],"replies":[{"embeddable":true,"href":"https:\/\/www.hirehamva.hu\/wpblog\/wp-json\/wp\/v2\/comments?post=38"}],"version-history":[{"count":11,"href":"https:\/\/www.hirehamva.hu\/wpblog\/wp-json\/wp\/v2\/pages\/38\/revisions"}],"predecessor-version":[{"id":2021,"href":"https:\/\/www.hirehamva.hu\/wpblog\/wp-json\/wp\/v2\/pages\/38\/revisions\/2021"}],"wp:attachment":[{"href":"https:\/\/www.hirehamva.hu\/wpblog\/wp-json\/wp\/v2\/media?parent=38"}],"curies":[{"name":"wp","href":"https:\/\/api.w.org\/{rel}","templated":true}]}}